{"id":1349,"date":"2025-12-06T18:56:45","date_gmt":"2025-12-06T18:56:45","guid":{"rendered":"https:\/\/mdlederatelier.com\/?post_type=product&#038;p=1349"},"modified":"2025-12-07T11:28:08","modified_gmt":"2025-12-07T11:28:08","slug":"schultertasche-oli-glattes-rindsleder-schwarz-rote-ziernaeht","status":"publish","type":"product","link":"https:\/\/mdlederatelier.com\/de\/produkt\/schultertasche-oli-glattes-rindsleder-schwarz-rote-ziernaeht\/","title":{"rendered":"Schultertasche \u201eOli\u201c aus glattem Rindsleder schwarz mit roten Ziern\u00e4hten"},"content":{"rendered":"<p data-start=\"3686\" data-end=\"4046\">Die Schultertasche \u201eOli\u201c richtet sich an Menschen, die eine praktische Alltagstasche aus echtem Leder suchen, aber nicht auf besondere Details verzichten m\u00f6chten. Gefertigt aus glattem, schwarzem Rindsleder und von Hand im MD LederAtelier in Beringen hergestellt, vereint sie klare Linien mit einem markanten Farbakzent.<\/p>\n<p data-start=\"4048\" data-end=\"4315\">Die roten Ziern\u00e4hte bilden einen kr\u00e4ftigen Kontrast zum schwarzen Leder und geben der Tasche einen sportlich-urbanen Charakter. Gleichzeitig bleibt das Design schlicht genug, um zu vielen Outfits zu passen \u2013 ob Jeans, Casual-Look oder ein reduziertes Business-Outfit.<\/p>\n<p data-start=\"4317\" data-end=\"4717\">Die \u201eOli\u201c bietet gen\u00fcgend Platz f\u00fcr Geldb\u00f6rse, Smartphone, Schl\u00fcssel, kleine Accessoires und Alltagsutensilien. Der Schulterriemen sorgt f\u00fcr angenehmen Tragekomfort, auch wenn die Tasche l\u00e4nger getragen wird. Wie alle Produkte aus dem MD LederAtelier ist auch diese Schultertasche ein Unikat, gepr\u00e4gt von traditioneller Handwerkskunst und echter Lederqualit\u00e4t.<\/p>\n<h3 data-start=\"4719\" data-end=\"4742\">Produktdetails DE<\/h3>\n<ul data-start=\"4743\" data-end=\"5159\">\n<li data-start=\"4743\" data-end=\"4773\">\n<p data-start=\"4745\" data-end=\"4773\">Produkttyp: Schultertasche<\/p>\n<\/li>\n<li data-start=\"4774\" data-end=\"4817\">\n<p data-start=\"4776\" data-end=\"4817\">Material: glattes, schwarzes Rindsleder<\/p>\n<\/li>\n<li data-start=\"4818\" data-end=\"4920\">\n<p data-start=\"4820\" data-end=\"4920\">Verarbeitung: handgefertigt von einem italienischen Lederhandwerker im MD LederAtelier in Beringen<\/p>\n<\/li>\n<li data-start=\"4921\" data-end=\"4960\">\n<p data-start=\"4923\" data-end=\"4960\">Farbe: Schwarz mit roten Ziern\u00e4hten<\/p>\n<\/li>\n<li data-start=\"4961\" data-end=\"5014\">\n<p data-start=\"4963\" data-end=\"5014\">Trageart: \u00fcber der Schulter, ideal f\u00fcr den Alltag<\/p>\n<\/li>\n<li data-start=\"5015\" data-end=\"5065\">\n<p data-start=\"5017\" data-end=\"5065\">Stil: urban, casual mit markantem Farbkontrast<\/p>\n<\/li>\n<li data-start=\"5066\" data-end=\"5159\">\n<p data-start=\"5068\" data-end=\"5159\">Besonderheit: rote Ziern\u00e4hte auf glattem schwarzem Leder, jede Tasche einzeln verarbeitet<\/p>\n<\/li>\n<\/ul>\n","protected":false},"excerpt":{"rendered":"<p>Schultertasche \u201eOli\u201c aus glattem, schwarzem Rindsleder mit roten Ziern\u00e4hten. Handgefertigt von einem italienischen Lederhandwerker im MD LederAtelier in Beringen \u2013 eine praktische, charakterstarke Alltagstasche.<\/p>\n","protected":false},"featured_media":1350,"comment_status":"open","ping_status":"closed","template":"","meta":[],"product_brand":[181],"product_cat":[232,228],"product_tag":[],"class_list":{"0":"post-1349","1":"product","2":"type-product","3":"status-publish","4":"has-post-thumbnail","6":"product_brand-mdlederatelier","7":"product_cat-damentaschen","8":"product_cat-taschen","10":"first","11":"instock","12":"sale","13":"shipping-taxable","14":"purchasable","15":"product-type-simple"},"_links":{"self":[{"href":"https:\/\/mdlederatelier.com\/de\/wp-json\/wp\/v2\/product\/1349","targetHints":{"allow":["GET"]}}],"collection":[{"href":"https:\/\/mdlederatelier.com\/de\/wp-json\/wp\/v2\/product"}],"about":[{"href":"https:\/\/mdlederatelier.com\/de\/wp-json\/wp\/v2\/types\/product"}],"replies":[{"embeddable":true,"href":"https:\/\/mdlederatelier.com\/de\/wp-json\/wp\/v2\/comments?post=1349"}],"wp:featuredmedia":[{"embeddable":true,"href":"https:\/\/mdlederatelier.com\/de\/wp-json\/wp\/v2\/media\/1350"}],"wp:attachment":[{"href":"https:\/\/mdlederatelier.com\/de\/wp-json\/wp\/v2\/media?parent=1349"}],"wp:term":[{"taxonomy":"product_brand","embeddable":true,"href":"https:\/\/mdlederatelier.com\/de\/wp-json\/wp\/v2\/product_brand?post=1349"},{"taxonomy":"product_cat","embeddable":true,"href":"https:\/\/mdlederatelier.com\/de\/wp-json\/wp\/v2\/product_cat?post=1349"},{"taxonomy":"product_tag","embeddable":true,"href":"https:\/\/mdlederatelier.com\/de\/wp-json\/wp\/v2\/product_tag?post=1349"}],"curies":[{"name":"wp","href":"https:\/\/api.w.org\/{rel}","templated":true}]}}