{"id":1284,"date":"2025-12-06T17:15:46","date_gmt":"2025-12-06T17:15:46","guid":{"rendered":"https:\/\/mdlederatelier.com\/?post_type=product&#038;p=1284"},"modified":"2025-12-07T11:28:59","modified_gmt":"2025-12-07T11:28:59","slug":"lederguertel-recta-gestanztes-leder-rechteckige-schnalle-cognac-braun","status":"publish","type":"product","link":"https:\/\/mdlederatelier.com\/de\/produkt\/lederguertel-recta-gestanztes-leder-rechteckige-schnalle-cognac-braun\/","title":{"rendered":"Lederg\u00fcrtel \u201eRecta\u201c aus gestanztem Leder mit rechteckiger hellgoldener Schnalle \u2013 Cognac-Braun"},"content":{"rendered":"<p data-start=\"3276\" data-end=\"3584\">Der Lederg\u00fcrtel \u201eRecta\u201c verbindet klassische Lederqualit\u00e4t mit einem klaren, modernen Design. Gefertigt aus cognac-braunem, gestanztem Echtleder und veredelt mit einer rechteckigen, hellgoldenen Metallschnalle, ist er die richtige Wahl f\u00fcr alle, die einen stilvollen, aber nicht zu auff\u00e4lligen G\u00fcrtel suchen.<\/p>\n<p data-start=\"3586\" data-end=\"3900\">Das gestanzte Leder verleiht der Oberfl\u00e4che Struktur und Leichtigkeit, w\u00e4hrend der warme Cognac-Ton hervorragend mit Jeans, beigen Hosen, Chinos und erdigen Farbt\u00f6nen harmoniert. Die rechteckige Schnalle in hellem Gold unterstreicht die geradlinige Form des G\u00fcrtels und sorgt f\u00fcr einen modernen, aufger\u00e4umten Look.<\/p>\n<p data-start=\"3902\" data-end=\"4262\">Jeder \u201eRecta\u201c wird in Handarbeit von einem italienischen Lederhandwerker in Beringen, Schaffhausen, hergestellt, wo Tradition, Handwerkskunst und Leidenschaft in jedem St\u00fcck stecken. <span class=\"\" data-state=\"closed\"><span class=\"ms-1 inline-flex max-w-full items-center relative top-[-0.094rem] animate-[show_150ms_ease-in]\" data-testid=\"webpage-citation-pill\"><a class=\"flex h-4.5 overflow-hidden rounded-xl px-2 text-[9px] font-medium transition-colors duration-150 ease-in-out text-token-text-secondary! bg-[#F4F4F4]! dark:bg-[#303030]!\" href=\"https:\/\/schaffhausen24.ch\/articles\/299869-leder-ist-lebendig-ein-atelier-voller-geschichten-und-leidenschaft?utm_source=chatgpt.com\" target=\"_blank\" rel=\"noopener\"><span class=\"relative start-0 bottom-0 flex h-full w-full items-center\"><span class=\"flex h-4 w-full items-center justify-between\"><span class=\"max-w-[15ch] grow truncate overflow-hidden text-center\">schaffhausen24.ch<\/span><\/span><\/span><\/a><\/span><\/span> Sorgf\u00e4ltig bearbeitete Kanten, sauber gesetzte L\u00f6cher und hochwertiges Leder machen diesen G\u00fcrtel zu einem langlebigen Begleiter im Alltag.<\/p>\n<h3 data-start=\"4264\" data-end=\"4287\">Produktdetails<\/h3>\n<ul data-start=\"4288\" data-end=\"4698\">\n<li data-start=\"4288\" data-end=\"4315\">\n<p data-start=\"4290\" data-end=\"4315\">Produkttyp: Lederg\u00fcrtel<\/p>\n<\/li>\n<li data-start=\"4316\" data-end=\"4366\">\n<p data-start=\"4318\" data-end=\"4366\">Material: cognac-braunes, gestanztes Echtleder<\/p>\n<\/li>\n<li data-start=\"4367\" data-end=\"4448\">\n<p data-start=\"4369\" data-end=\"4448\">Verarbeitung: handgefertigt von einem italienischen Handwerker in der Schweiz<\/p>\n<\/li>\n<li data-start=\"4449\" data-end=\"4472\">\n<p data-start=\"4451\" data-end=\"4472\">Farbe: Cognac-Braun<\/p>\n<\/li>\n<li data-start=\"4473\" data-end=\"4526\">\n<p data-start=\"4475\" data-end=\"4526\">Schnalle: rechteckige, hellgoldene Metallschnalle<\/p>\n<\/li>\n<li data-start=\"4527\" data-end=\"4601\">\n<p data-start=\"4529\" data-end=\"4601\">Stil: elegant-casual, ideal f\u00fcr Jeans, Chinos und Smart-Casual-Outfits<\/p>\n<\/li>\n<li data-start=\"4602\" data-end=\"4698\">\n<p data-start=\"4604\" data-end=\"4698\">Besonderheit: gestanztes Ledermuster und klare, rechteckige Schnalle f\u00fcr einen modernen Look<\/p>\n<\/li>\n<\/ul>\n","protected":false},"excerpt":{"rendered":"<p>Lederg\u00fcrtel \u201eRecta\u201c aus cognac-braunem, gestanztem Echtleder mit rechteckiger hellgoldener Schnalle. Handgefertigt von einem italienischen Handwerker in der Schweiz \u2013 ein moderner, eleganter G\u00fcrtel f\u00fcr Freizeit und Smart Casual.<\/p>\n","protected":false},"featured_media":1285,"comment_status":"open","ping_status":"closed","template":"","meta":[],"product_brand":[181],"product_cat":[248,249],"product_tag":[],"class_list":{"0":"post-1284","1":"product","2":"type-product","3":"status-publish","4":"has-post-thumbnail","6":"product_brand-mdlederatelier","7":"product_cat-accessoires","8":"product_cat-lederguertel","10":"first","11":"instock","12":"sale","13":"shipping-taxable","14":"purchasable","15":"product-type-simple"},"_links":{"self":[{"href":"https:\/\/mdlederatelier.com\/de\/wp-json\/wp\/v2\/product\/1284","targetHints":{"allow":["GET"]}}],"collection":[{"href":"https:\/\/mdlederatelier.com\/de\/wp-json\/wp\/v2\/product"}],"about":[{"href":"https:\/\/mdlederatelier.com\/de\/wp-json\/wp\/v2\/types\/product"}],"replies":[{"embeddable":true,"href":"https:\/\/mdlederatelier.com\/de\/wp-json\/wp\/v2\/comments?post=1284"}],"wp:featuredmedia":[{"embeddable":true,"href":"https:\/\/mdlederatelier.com\/de\/wp-json\/wp\/v2\/media\/1285"}],"wp:attachment":[{"href":"https:\/\/mdlederatelier.com\/de\/wp-json\/wp\/v2\/media?parent=1284"}],"wp:term":[{"taxonomy":"product_brand","embeddable":true,"href":"https:\/\/mdlederatelier.com\/de\/wp-json\/wp\/v2\/product_brand?post=1284"},{"taxonomy":"product_cat","embeddable":true,"href":"https:\/\/mdlederatelier.com\/de\/wp-json\/wp\/v2\/product_cat?post=1284"},{"taxonomy":"product_tag","embeddable":true,"href":"https:\/\/mdlederatelier.com\/de\/wp-json\/wp\/v2\/product_tag?post=1284"}],"curies":[{"name":"wp","href":"https:\/\/api.w.org\/{rel}","templated":true}]}}