{"id":1255,"date":"2025-12-06T16:43:36","date_gmt":"2025-12-06T16:43:36","guid":{"rendered":"https:\/\/mdlederatelier.com\/?post_type=product&#038;p=1255"},"modified":"2025-12-07T11:29:23","modified_gmt":"2025-12-07T11:29:23","slug":"lederguertel-onix-eide-onix-eidechsen-schnalle-schwarz","status":"publish","type":"product","link":"https:\/\/mdlederatelier.com\/de\/produkt\/lederguertel-onix-eide-onix-eidechsen-schnalle-schwarz\/","title":{"rendered":"Lederg\u00fcrtel \u201eOnix-Eide\u201c mit Onix-Eidechsen-Schnalle \u2013 Schwarz"},"content":{"rendered":"<p data-start=\"3257\" data-end=\"3558\">Der Lederg\u00fcrtel \u201eOnix-Eide\u201c ist ein G\u00fcrtel f\u00fcr Menschen, die mit ihrem Accessoire ein Statement setzen wollen. Aus schwarzem Echtleder gefertigt und von einem italienischen Handwerker in der Schweiz handgearbeitet, kombiniert er traditionelle Lederkunst mit einer auff\u00e4lligen, k\u00fcnstlerischen Schnalle.<\/p>\n<p data-start=\"3560\" data-end=\"3889\">Die Onix-Eidechsen-Schnalle ist das zentrale Designelement dieses G\u00fcrtels: Sie verleiht ihm eine markante, fast skulpturale Optik und hebt ihn deutlich von schlichten Standardg\u00fcrteln ab. Das schwarze Leder wirkt edel und l\u00e4sst sich vielseitig kombinieren \u2013 ob zu Jeans, Lederhose, rockigen Outfits oder einem urbanen Casual-Look.<\/p>\n<p data-start=\"3891\" data-end=\"4190\">Saubere Kanten, sorgf\u00e4ltig gesetzte L\u00f6cher und eine solide Verarbeitung sorgen daf\u00fcr, dass \u201eOnix-Eide\u201c nicht nur gut aussieht, sondern auch im Alltag \u00fcberzeugt. Wer echte Materialien, Handwerksqualit\u00e4t und besondere Details sch\u00e4tzt, findet in diesem Lederg\u00fcrtel ein au\u00dfergew\u00f6hnliches Lieblingsst\u00fcck.<\/p>\n<h3 data-start=\"4192\" data-end=\"4215\">Produktdetails<\/h3>\n<ul data-start=\"4216\" data-end=\"4624\">\n<li data-start=\"4216\" data-end=\"4243\">\n<p data-start=\"4218\" data-end=\"4243\">Produkttyp: Lederg\u00fcrtel<\/p>\n<\/li>\n<li data-start=\"4244\" data-end=\"4284\">\n<p data-start=\"4246\" data-end=\"4284\">Material G\u00fcrtel: schwarzes Echtleder<\/p>\n<\/li>\n<li data-start=\"4285\" data-end=\"4404\">\n<p data-start=\"4287\" data-end=\"4404\">Verarbeitung: handgefertigt von einem italienischen Handwerker in der Schweiz <span class=\"\" data-state=\"closed\"><span class=\"ms-1 inline-flex max-w-full items-center relative top-[-0.094rem] animate-[show_150ms_ease-in]\" data-testid=\"webpage-citation-pill\"><a class=\"flex h-4.5 overflow-hidden rounded-xl px-2 text-[9px] font-medium transition-colors duration-150 ease-in-out text-token-text-secondary! bg-[#F4F4F4]! dark:bg-[#303030]!\" href=\"https:\/\/mdlederatelier.com\/de\/?utm_source=chatgpt.com\" target=\"_blank\" rel=\"noopener\"><span class=\"relative start-0 bottom-0 flex h-full w-full items-center\"><span class=\"flex h-4 w-full items-center justify-between\"><span class=\"max-w-[15ch] grow truncate overflow-hidden text-center\">MD Leder Atelier<\/span><span class=\"-me-1 flex h-full items-center rounded-full px-1 text-[#8F8F8F]\">+1<\/span><\/span><\/span><\/a><\/span><\/span><\/p>\n<\/li>\n<li data-start=\"4405\" data-end=\"4423\">\n<p data-start=\"4407\" data-end=\"4423\">Farbe: Schwarz<\/p>\n<\/li>\n<li data-start=\"4424\" data-end=\"4472\">\n<p data-start=\"4426\" data-end=\"4472\">Schnalle: originelle Onix-Eidechsen-Schnalle<\/p>\n<\/li>\n<li data-start=\"4473\" data-end=\"4533\">\n<p data-start=\"4475\" data-end=\"4533\">Stil: markant, ideal f\u00fcr Jeans, rockige und urbane Looks<\/p>\n<\/li>\n<li data-start=\"4534\" data-end=\"4624\">\n<p data-start=\"4536\" data-end=\"4624\">Besonderheit: auff\u00e4llige, k\u00fcnstlerische Schnalle in Kombination mit hochwertigem Leder<\/p>\n<\/li>\n<\/ul>\n","protected":false},"excerpt":{"rendered":"<p data-start=\"3009\" data-end=\"3227\">Schwarzer Lederg\u00fcrtel mit einer originellen Onix-Eidechsen-Schnalle. Handgefertigt aus echtem Leder von einem italienischen Handwerker in der Schweiz \u2013 f\u00fcr alle, die markante Details und hochwertige Materialien lieben.<\/p>\n<h3 data-start=\"3229\" data-end=\"3256\"><\/h3>\n","protected":false},"featured_media":1256,"comment_status":"open","ping_status":"closed","template":"","meta":[],"product_brand":[181],"product_cat":[248,249],"product_tag":[],"class_list":{"0":"post-1255","1":"product","2":"type-product","3":"status-publish","4":"has-post-thumbnail","6":"product_brand-mdlederatelier","7":"product_cat-accessoires","8":"product_cat-lederguertel","10":"first","11":"instock","12":"sale","13":"shipping-taxable","14":"purchasable","15":"product-type-simple"},"_links":{"self":[{"href":"https:\/\/mdlederatelier.com\/de\/wp-json\/wp\/v2\/product\/1255","targetHints":{"allow":["GET"]}}],"collection":[{"href":"https:\/\/mdlederatelier.com\/de\/wp-json\/wp\/v2\/product"}],"about":[{"href":"https:\/\/mdlederatelier.com\/de\/wp-json\/wp\/v2\/types\/product"}],"replies":[{"embeddable":true,"href":"https:\/\/mdlederatelier.com\/de\/wp-json\/wp\/v2\/comments?post=1255"}],"wp:featuredmedia":[{"embeddable":true,"href":"https:\/\/mdlederatelier.com\/de\/wp-json\/wp\/v2\/media\/1256"}],"wp:attachment":[{"href":"https:\/\/mdlederatelier.com\/de\/wp-json\/wp\/v2\/media?parent=1255"}],"wp:term":[{"taxonomy":"product_brand","embeddable":true,"href":"https:\/\/mdlederatelier.com\/de\/wp-json\/wp\/v2\/product_brand?post=1255"},{"taxonomy":"product_cat","embeddable":true,"href":"https:\/\/mdlederatelier.com\/de\/wp-json\/wp\/v2\/product_cat?post=1255"},{"taxonomy":"product_tag","embeddable":true,"href":"https:\/\/mdlederatelier.com\/de\/wp-json\/wp\/v2\/product_tag?post=1255"}],"curies":[{"name":"wp","href":"https:\/\/api.w.org\/{rel}","templated":true}]}}